{"id":9,"date":"2020-03-28T11:59:03","date_gmt":"2020-03-28T11:59:03","guid":{"rendered":"http:\/\/www.federation-belge-de-genealogie.geneafrancobelge.eu\/?page_id=9"},"modified":"2021-09-30T10:00:26","modified_gmt":"2021-09-30T10:00:26","slug":"about","status":"publish","type":"page","link":"https:\/\/www.federation-belge-de-genealogie.geneafrancobelge.eu\/index.php\/about\/","title":{"rendered":"Base de donn\u00e9es"},"content":{"rendered":"\n<h2 class=\"has-vivid-red-color has-text-color wp-block-heading\">Base de donn\u00e9es de BMS<\/h2>\n\n\n\n<p>Base de donn\u00e9es d&#8217;actes d&#8217;Etat-Civil de plus de 2,6 millions d&#8217;actes de naissance, mariage et de d\u00e9c\u00e8s, 9 576 503 individus index\u00e9s.<\/p>\n\n\n\n<p><a href=\"http:\/\/genevoute.free.fr\">http:\/\/genevoute.free.fr<\/a><\/p>\n\n\n\n<hr class=\"wp-block-separator\"\/>\n\n\n\n<h2 class=\"has-vivid-red-color has-text-color wp-block-heading\">base collaborative<\/h2>\n\n\n\n<p>Pour obtenir un droit de consultation int\u00e9gral, vous devez au pr\u00e9alable d\u00e9poser le gedcom de votre ascendance. (par r\u00e9ciprocit\u00e9 on ne peut consulter les donn\u00e9es r\u00e9centes des autres que si on a d\u00e9pos\u00e9 les siennes)<\/p>\n\n\n\n<p><a href=\"http:\/\/base-collaboratif.geneactes.be\">http:\/\/base-collaboratif.geneactes.be<\/a><\/p>\n\n\n\n<p><\/p>\n\n\n\n<p><\/p>\n<div style=\"padding-bottom:20px; padding-top:10px;\" class=\"hupso-share-buttons\"><!-- Hupso Share Buttons - https:\/\/www.hupso.com\/share\/ --><a class=\"hupso_toolbar\" href=\"https:\/\/www.hupso.com\/share\/\"><img decoding=\"async\" src=\"https:\/\/static.hupso.com\/share\/buttons\/lang\/fr\/share-medium.png\" style=\"border:0px; padding-top: 5px; float:left;\" alt=\"Share Button\"\/><\/a><script type=\"text\/javascript\">var hupso_services_t=new Array(\"Twitter\",\"Facebook\",\"Pinterest\",\"Linkedin\",\"StumbleUpon\",\"Digg\",\"Reddit\",\"Bebo\",\"Delicious\");var hupso_background_t=\"#EAF4FF\";var hupso_border_t=\"#66CCFF\";var hupso_toolbar_size_t=\"medium\";var hupso_image_folder_url = \"\";var hupso_url_t=\"\";var hupso_title_t=\"Base%20de%20donn%C3%A9es\";<\/script><script type=\"text\/javascript\" src=\"https:\/\/static.hupso.com\/share\/js\/share_toolbar.js\"><\/script><!-- Hupso Share Buttons --><\/div>","protected":false},"excerpt":{"rendered":"<p>Base de donn\u00e9es de BMS Base de donn\u00e9es d&#8217;actes d&#8217;Etat-Civil de plus de 2,6 millions d&#8217;actes de naissance, mariage et de d\u00e9c\u00e8s, 9 576 503 individus index\u00e9s. http:\/\/genevoute.free.fr base collaborative Pour obtenir un droit de consultation int\u00e9gral, vous devez au pr\u00e9alable d\u00e9poser le gedcom de votre ascendance. (par r\u00e9ciprocit\u00e9 on ne peut consulter les donn\u00e9es&hellip; <br \/> <a class=\"read-more\" href=\"https:\/\/www.federation-belge-de-genealogie.geneafrancobelge.eu\/index.php\/about\/\">Lire la suite<\/a><\/p>\n<div style=\"padding-bottom:20px; padding-top:10px;\" class=\"hupso-share-buttons\"><!-- Hupso Share Buttons - https:\/\/www.hupso.com\/share\/ --><a class=\"hupso_toolbar\" href=\"https:\/\/www.hupso.com\/share\/\"><img src=\"https:\/\/static.hupso.com\/share\/buttons\/lang\/fr\/share-medium.png\" style=\"border:0px; padding-top: 5px; float:left;\" alt=\"Share Button\"\/><\/a><script type=\"text\/javascript\">var hupso_services_t=new Array(\"Twitter\",\"Facebook\",\"Pinterest\",\"Linkedin\",\"StumbleUpon\",\"Digg\",\"Reddit\",\"Bebo\",\"Delicious\");var hupso_background_t=\"#EAF4FF\";var hupso_border_t=\"#66CCFF\";var hupso_toolbar_size_t=\"medium\";var hupso_image_folder_url = \"\";var hupso_url_t=\"\";var hupso_title_t=\"Base%20de%20donn%C3%A9es\";<\/script><script type=\"text\/javascript\" src=\"https:\/\/static.hupso.com\/share\/js\/share_toolbar.js\"><\/script><!-- Hupso Share Buttons --><\/div>","protected":false},"author":2,"featured_media":0,"parent":0,"menu_order":0,"comment_status":"closed","ping_status":"closed","template":"","meta":{"footnotes":""},"_links":{"self":[{"href":"https:\/\/www.federation-belge-de-genealogie.geneafrancobelge.eu\/index.php\/wp-json\/wp\/v2\/pages\/9"}],"collection":[{"href":"https:\/\/www.federation-belge-de-genealogie.geneafrancobelge.eu\/index.php\/wp-json\/wp\/v2\/pages"}],"about":[{"href":"https:\/\/www.federation-belge-de-genealogie.geneafrancobelge.eu\/index.php\/wp-json\/wp\/v2\/types\/page"}],"author":[{"embeddable":true,"href":"https:\/\/www.federation-belge-de-genealogie.geneafrancobelge.eu\/index.php\/wp-json\/wp\/v2\/users\/2"}],"replies":[{"embeddable":true,"href":"https:\/\/www.federation-belge-de-genealogie.geneafrancobelge.eu\/index.php\/wp-json\/wp\/v2\/comments?post=9"}],"version-history":[{"count":7,"href":"https:\/\/www.federation-belge-de-genealogie.geneafrancobelge.eu\/index.php\/wp-json\/wp\/v2\/pages\/9\/revisions"}],"predecessor-version":[{"id":754,"href":"https:\/\/www.federation-belge-de-genealogie.geneafrancobelge.eu\/index.php\/wp-json\/wp\/v2\/pages\/9\/revisions\/754"}],"wp:attachment":[{"href":"https:\/\/www.federation-belge-de-genealogie.geneafrancobelge.eu\/index.php\/wp-json\/wp\/v2\/media?parent=9"}],"curies":[{"name":"wp","href":"https:\/\/api.w.org\/{rel}","templated":true}]}}