{"id":481,"date":"2020-03-30T17:40:10","date_gmt":"2020-03-30T17:40:10","guid":{"rendered":"http:\/\/www.federation-belge-de-genealogie.geneafrancobelge.eu\/?page_id=481"},"modified":"2020-04-27T06:06:48","modified_gmt":"2020-04-27T06:06:48","slug":"union-regional-de-la-province-danvers-b-03","status":"publish","type":"page","link":"https:\/\/www.federation-belge-de-genealogie.geneafrancobelge.eu\/index.php\/union-regional-de-la-province-danvers-b-03\/","title":{"rendered":"Union R\u00e9gional de la Province d&#8217;Anvers B-03"},"content":{"rendered":"\n<p><a href=\"http:\/\/www.expobms.geneactes.com\/public\/\">http:\/\/www.expobms.geneactes.com\/public\/<\/a><\/p>\n\n\n\n<figure class=\"wp-block-gallery columns-1 is-cropped wp-block-gallery-1 is-layout-flex wp-block-gallery-is-layout-flex\"><ul class=\"blocks-gallery-grid\"><li class=\"blocks-gallery-item\"><figure><img loading=\"lazy\" decoding=\"async\" width=\"828\" height=\"535\" src=\"http:\/\/www.federation-belge-de-genealogie.geneafrancobelge.eu\/wp-content\/uploads\/2020\/03\/blasons_villes_province_anvers-1.jpg\" alt=\"\" data-id=\"560\" class=\"wp-image-560\" srcset=\"https:\/\/www.federation-belge-de-genealogie.geneafrancobelge.eu\/wp-content\/uploads\/2020\/03\/blasons_villes_province_anvers-1.jpg 828w, https:\/\/www.federation-belge-de-genealogie.geneafrancobelge.eu\/wp-content\/uploads\/2020\/03\/blasons_villes_province_anvers-1-300x194.jpg 300w, https:\/\/www.federation-belge-de-genealogie.geneafrancobelge.eu\/wp-content\/uploads\/2020\/03\/blasons_villes_province_anvers-1-768x496.jpg 768w\" sizes=\"(max-width: 828px) 100vw, 828px\" \/><\/figure><\/li><\/ul><\/figure>\n\n\n\n<h1 class=\"wp-block-heading\">D\u00e9pouillements publi\u00e9s pour la r\u00e9gion &#8220;Anvers&#8221;<\/h1>\n\n\n\n<ul><li><a href=\"http:\/\/familiekunde-vlaanderen.be%28ouvre%20un%20nouvel%20onglet%29\/\">Familiekunde Vlaanderen<\/a><\/li><\/ul>\n\n\n\n<figure class=\"wp-block-table\"><table><tbody><tr><th>Site d\u00e9p\u00f4t<\/th><th>Commune\/Paroisse<\/th><th>R\u00e9gion<\/th><th>P\u00e9riode<\/th><th>Nombre<\/th><th>Actes<\/th><\/tr><tr><td>&nbsp;Netradyle<\/td><td>&nbsp;<a href=\"http:\/\/www.netradyle.be\/actes\/tab_naiss.php?args=Leest+%5BAnvers%5D\">Leest<\/a><\/td><td>&nbsp;Anvers<\/td><td>(1599-1823)<\/td><td>4.879<\/td><td>&nbsp;Naissances<\/td><\/tr><tr><td>&nbsp;Netradyle<\/td><td>&nbsp;<a href=\"http:\/\/www.netradyle.be\/actes\/tab_deces.php?args=Leest+%5BAnvers%5D\">Leest<\/a><\/td><td>&nbsp;Anvers<\/td><td>(1593-1824)<\/td><td>3.208<\/td><td>&nbsp;D\u00e9c\u00e8s<\/td><\/tr><tr><td>&nbsp;Netradyle<\/td><td>&nbsp;<a href=\"http:\/\/www.netradyle.be\/actes\/tab_mari.php?args=Leest+%5BAnvers%5D\">Leest<\/a><\/td><td>&nbsp;Anvers<\/td><td>(1592-1823)<\/td><td>1.333<\/td><td>&nbsp;Mariages<\/td><\/tr><\/tbody><\/table><\/figure>\n\n\n\n<h2 class=\"wp-block-heading\">Province d&#8217;Anvers<\/h2>\n\n\n\n<ul><li>R\u00e9gion d&#8217;Anvers |&nbsp;<a href=\"http:\/\/www.familiekunderegioantwerpen.be\/\" target=\"_blank\" rel=\"noreferrer noopener\">site web<\/a>&nbsp;|&nbsp;<a href=\"https:\/\/familiekunde-vlaanderen.be\/activiteiten\/regio-antwerpen\">activit\u00e9s<\/a>&nbsp;|&nbsp;<a href=\"https:\/\/familiekunde-vlaanderen.be\/afdelingen\/regio-antwerpen\">nouvelles et publications<\/a><\/li><li>R\u00e9gion Kempen |&nbsp;<a href=\"http:\/\/fv-kempen.familiekunde-vlaanderen.be\/\" target=\"_blank\" rel=\"noreferrer noopener\">site web<\/a>&nbsp;|&nbsp;<a href=\"https:\/\/familiekunde-vlaanderen.be\/activiteiten\/regio-kempen\">activit\u00e9s<\/a>&nbsp;|&nbsp;<a href=\"https:\/\/familiekunde-vlaanderen.be\/afdelingen\/regio-kempen\">nouvelles et publications<\/a><\/li><li>R\u00e9gion Malines |&nbsp;<a href=\"http:\/\/fv-mechelen.familiekunde-vlaanderen.be\/\" target=\"_blank\" rel=\"noreferrer noopener\">site web<\/a>&nbsp;|&nbsp;<a href=\"https:\/\/familiekunde-vlaanderen.be\/activiteiten\/regio-mechelen\">activit\u00e9s<\/a>&nbsp;|&nbsp;<a href=\"https:\/\/familiekunde-vlaanderen.be\/afdelingen\/regio-mechelen\">nouvelles et publications<\/a><\/li><\/ul>\n<div style=\"padding-bottom:20px; padding-top:10px;\" class=\"hupso-share-buttons\"><!-- Hupso Share Buttons - https:\/\/www.hupso.com\/share\/ --><a class=\"hupso_toolbar\" href=\"https:\/\/www.hupso.com\/share\/\"><img decoding=\"async\" src=\"https:\/\/static.hupso.com\/share\/buttons\/lang\/fr\/share-medium.png\" style=\"border:0px; padding-top: 5px; float:left;\" alt=\"Share Button\"\/><\/a><script type=\"text\/javascript\">var hupso_services_t=new Array(\"Twitter\",\"Facebook\",\"Pinterest\",\"Linkedin\",\"StumbleUpon\",\"Digg\",\"Reddit\",\"Bebo\",\"Delicious\");var hupso_background_t=\"#EAF4FF\";var hupso_border_t=\"#66CCFF\";var hupso_toolbar_size_t=\"medium\";var hupso_image_folder_url = \"\";var hupso_url_t=\"\";var hupso_title_t=\"Union%20R%C3%A9gional%20de%20la%20Province%20d%27Anvers%20B-03\";<\/script><script type=\"text\/javascript\" src=\"https:\/\/static.hupso.com\/share\/js\/share_toolbar.js\"><\/script><!-- Hupso Share Buttons --><\/div>","protected":false},"excerpt":{"rendered":"<p>http:\/\/www.expobms.geneactes.com\/public\/ D\u00e9pouillements publi\u00e9s pour la r\u00e9gion &#8220;Anvers&#8221; Familiekunde Vlaanderen Site d\u00e9p\u00f4t Commune\/Paroisse R\u00e9gion P\u00e9riode Nombre Actes &nbsp;Netradyle &nbsp;Leest &nbsp;Anvers (1599-1823) 4.879 &nbsp;Naissances &nbsp;Netradyle &nbsp;Leest &nbsp;Anvers (1593-1824) 3.208 &nbsp;D\u00e9c\u00e8s &nbsp;Netradyle &nbsp;Leest &nbsp;Anvers (1592-1823) 1.333 &nbsp;Mariages Province d&#8217;Anvers R\u00e9gion d&#8217;Anvers |&nbsp;site web&nbsp;|&nbsp;activit\u00e9s&nbsp;|&nbsp;nouvelles et publications R\u00e9gion Kempen |&nbsp;site web&nbsp;|&nbsp;activit\u00e9s&nbsp;|&nbsp;nouvelles et publications R\u00e9gion Malines |&nbsp;site web&nbsp;|&nbsp;activit\u00e9s&nbsp;|&nbsp;nouvelles et publications<\/p>\n<div style=\"padding-bottom:20px; padding-top:10px;\" class=\"hupso-share-buttons\"><!-- Hupso Share Buttons - https:\/\/www.hupso.com\/share\/ --><a class=\"hupso_toolbar\" href=\"https:\/\/www.hupso.com\/share\/\"><img src=\"https:\/\/static.hupso.com\/share\/buttons\/lang\/fr\/share-medium.png\" style=\"border:0px; padding-top: 5px; float:left;\" alt=\"Share Button\"\/><\/a><script type=\"text\/javascript\">var hupso_services_t=new Array(\"Twitter\",\"Facebook\",\"Pinterest\",\"Linkedin\",\"StumbleUpon\",\"Digg\",\"Reddit\",\"Bebo\",\"Delicious\");var hupso_background_t=\"#EAF4FF\";var hupso_border_t=\"#66CCFF\";var hupso_toolbar_size_t=\"medium\";var hupso_image_folder_url = \"\";var hupso_url_t=\"\";var hupso_title_t=\"Union%20R%C3%A9gional%20de%20la%20Province%20d%27Anvers%20B-03\";<\/script><script type=\"text\/javascript\" src=\"https:\/\/static.hupso.com\/share\/js\/share_toolbar.js\"><\/script><!-- Hupso Share Buttons --><\/div>","protected":false},"author":2,"featured_media":0,"parent":0,"menu_order":0,"comment_status":"closed","ping_status":"closed","template":"","meta":{"footnotes":""},"_links":{"self":[{"href":"https:\/\/www.federation-belge-de-genealogie.geneafrancobelge.eu\/index.php\/wp-json\/wp\/v2\/pages\/481"}],"collection":[{"href":"https:\/\/www.federation-belge-de-genealogie.geneafrancobelge.eu\/index.php\/wp-json\/wp\/v2\/pages"}],"about":[{"href":"https:\/\/www.federation-belge-de-genealogie.geneafrancobelge.eu\/index.php\/wp-json\/wp\/v2\/types\/page"}],"author":[{"embeddable":true,"href":"https:\/\/www.federation-belge-de-genealogie.geneafrancobelge.eu\/index.php\/wp-json\/wp\/v2\/users\/2"}],"replies":[{"embeddable":true,"href":"https:\/\/www.federation-belge-de-genealogie.geneafrancobelge.eu\/index.php\/wp-json\/wp\/v2\/comments?post=481"}],"version-history":[{"count":6,"href":"https:\/\/www.federation-belge-de-genealogie.geneafrancobelge.eu\/index.php\/wp-json\/wp\/v2\/pages\/481\/revisions"}],"predecessor-version":[{"id":709,"href":"https:\/\/www.federation-belge-de-genealogie.geneafrancobelge.eu\/index.php\/wp-json\/wp\/v2\/pages\/481\/revisions\/709"}],"wp:attachment":[{"href":"https:\/\/www.federation-belge-de-genealogie.geneafrancobelge.eu\/index.php\/wp-json\/wp\/v2\/media?parent=481"}],"curies":[{"name":"wp","href":"https:\/\/api.w.org\/{rel}","templated":true}]}}