{"id":477,"date":"2020-03-30T17:37:19","date_gmt":"2020-03-30T17:37:19","guid":{"rendered":"http:\/\/www.federation-belge-de-genealogie.geneafrancobelge.eu\/?page_id=477"},"modified":"2020-04-02T17:52:45","modified_gmt":"2020-04-02T17:52:45","slug":"union-regional-de-la-province-de-flandre-occidentale-b-01","status":"publish","type":"page","link":"https:\/\/www.federation-belge-de-genealogie.geneafrancobelge.eu\/index.php\/union-regional-de-la-province-de-flandre-occidentale-b-01\/","title":{"rendered":"Union R\u00e9gional de la Province de Flandre Occidentale B-01"},"content":{"rendered":"\n<h2 class=\"wp-block-heading\">Province de Flandre orientale<\/h2>\n\n\n\n<ul><li>R\u00e9gion d&#8217;Alost |&nbsp;<a href=\"http:\/\/www.familiekunde-aalst.be\/\" target=\"_blank\" rel=\"noreferrer noopener\">site web<\/a>&nbsp;|&nbsp;<a href=\"https:\/\/familiekunde-vlaanderen.be\/activiteiten\/regio-aalst\">activit\u00e9s<\/a>&nbsp;|&nbsp;<a href=\"https:\/\/familiekunde-vlaanderen.be\/afdelingen\/regio-aalst\">nouvelles et publications<\/a><\/li><li>R\u00e9gion Deinze |&nbsp;<a href=\"http:\/\/www.familiekundedeinze.be\/\" target=\"_blank\" rel=\"noreferrer noopener\">site web<\/a>&nbsp;|&nbsp;<a href=\"https:\/\/familiekunde-vlaanderen.be\/activiteiten\/regio-deinze\">activit\u00e9s<\/a>&nbsp;|&nbsp;<a href=\"https:\/\/familiekunde-vlaanderen.be\/afdelingen\/regio-deinze\">nouvelles et publications<\/a><\/li><li>R\u00e9gion Termonde |&nbsp;<a href=\"http:\/\/www.familiekunde-dendermonde.be\/\" target=\"_blank\" rel=\"noreferrer noopener\">site web<\/a>&nbsp;|&nbsp;<a href=\"https:\/\/familiekunde-vlaanderen.be\/activiteiten\/regio-dendermonde\">activit\u00e9s<\/a>&nbsp;|&nbsp;<a href=\"https:\/\/familiekunde-vlaanderen.be\/afdelingen\/regio-dendermonde\">nouvelles et publications<\/a><\/li><li>R\u00e9gion de Gand |&nbsp;<a href=\"http:\/\/www.familiekunde-gent.be\/\" target=\"_blank\" rel=\"noreferrer noopener\">site web<\/a>&nbsp;|&nbsp;<a href=\"https:\/\/familiekunde-vlaanderen.be\/activiteiten\/regio-gent\">activit\u00e9s<\/a>&nbsp;|&nbsp;<a href=\"https:\/\/familiekunde-vlaanderen.be\/afdelingen\/regio-gent\">nouvelles et publications<\/a><\/li><li>R\u00e9gion Land van Waas |&nbsp;<a href=\"http:\/\/www.familiekunde-landvanwaas.be\/\" target=\"_blank\" rel=\"noreferrer noopener\">site web<\/a>&nbsp;|&nbsp;<a href=\"https:\/\/familiekunde-vlaanderen.be\/activiteiten\/regio-land-van-waas\">activit\u00e9s<\/a>&nbsp;|&nbsp;<a href=\"https:\/\/familiekunde-vlaanderen.be\/afdelingen\/regio-land-van-waas\">nouvelles et publications<\/a><\/li><li>R\u00e9gion Meetjesland |&nbsp;<a href=\"http:\/\/www.familiekundevlaanderen-meetjesland.be\/\" target=\"_blank\" rel=\"noreferrer noopener\">site web<\/a>&nbsp;|&nbsp;<a href=\"https:\/\/familiekunde-vlaanderen.be\/activiteiten\/regio-meetjesland\">activit\u00e9s<\/a>&nbsp;|&nbsp;<a href=\"https:\/\/familiekunde-vlaanderen.be\/afdelingen\/regio-meetjesland\">nouvelles et publications<\/a><\/li><li>R\u00e9gion des Ardennes flamandes |&nbsp;<a href=\"http:\/\/familiekunde.weebly.com\/\" target=\"_blank\" rel=\"noreferrer noopener\">site web<\/a>&nbsp;|&nbsp;<a href=\"https:\/\/familiekunde-vlaanderen.be\/activiteiten\/regio-vlaamse-ardennen\">activit\u00e9s<\/a>&nbsp;|&nbsp;<a href=\"https:\/\/familiekunde-vlaanderen.be\/afdelingen\/regio-vlaamse-ardennen\">nouvelles et publications<\/a><\/li><\/ul>\n<div style=\"padding-bottom:20px; padding-top:10px;\" class=\"hupso-share-buttons\"><!-- Hupso Share Buttons - https:\/\/www.hupso.com\/share\/ --><a class=\"hupso_toolbar\" href=\"https:\/\/www.hupso.com\/share\/\"><img decoding=\"async\" src=\"https:\/\/static.hupso.com\/share\/buttons\/lang\/fr\/share-medium.png\" style=\"border:0px; padding-top: 5px; float:left;\" alt=\"Share Button\"\/><\/a><script type=\"text\/javascript\">var hupso_services_t=new Array(\"Twitter\",\"Facebook\",\"Pinterest\",\"Linkedin\",\"StumbleUpon\",\"Digg\",\"Reddit\",\"Bebo\",\"Delicious\");var hupso_background_t=\"#EAF4FF\";var hupso_border_t=\"#66CCFF\";var hupso_toolbar_size_t=\"medium\";var hupso_image_folder_url = \"\";var hupso_url_t=\"\";var hupso_title_t=\"Union%20R%C3%A9gional%20de%20la%20Province%20de%20Flandre%20Occidentale%20B-01\";<\/script><script type=\"text\/javascript\" src=\"https:\/\/static.hupso.com\/share\/js\/share_toolbar.js\"><\/script><!-- Hupso Share Buttons --><\/div>","protected":false},"excerpt":{"rendered":"<p>Province de Flandre orientale R\u00e9gion d&#8217;Alost |&nbsp;site web&nbsp;|&nbsp;activit\u00e9s&nbsp;|&nbsp;nouvelles et publications R\u00e9gion Deinze |&nbsp;site web&nbsp;|&nbsp;activit\u00e9s&nbsp;|&nbsp;nouvelles et publications R\u00e9gion Termonde |&nbsp;site web&nbsp;|&nbsp;activit\u00e9s&nbsp;|&nbsp;nouvelles et publications R\u00e9gion de Gand |&nbsp;site web&nbsp;|&nbsp;activit\u00e9s&nbsp;|&nbsp;nouvelles et publications R\u00e9gion Land van Waas |&nbsp;site web&nbsp;|&nbsp;activit\u00e9s&nbsp;|&nbsp;nouvelles et publications R\u00e9gion Meetjesland |&nbsp;site web&nbsp;|&nbsp;activit\u00e9s&nbsp;|&nbsp;nouvelles et publications R\u00e9gion des Ardennes flamandes |&nbsp;site web&nbsp;|&nbsp;activit\u00e9s&nbsp;|&nbsp;nouvelles et publications<\/p>\n<div style=\"padding-bottom:20px; padding-top:10px;\" class=\"hupso-share-buttons\"><!-- Hupso Share Buttons - https:\/\/www.hupso.com\/share\/ --><a class=\"hupso_toolbar\" href=\"https:\/\/www.hupso.com\/share\/\"><img src=\"https:\/\/static.hupso.com\/share\/buttons\/lang\/fr\/share-medium.png\" style=\"border:0px; padding-top: 5px; float:left;\" alt=\"Share Button\"\/><\/a><script type=\"text\/javascript\">var hupso_services_t=new Array(\"Twitter\",\"Facebook\",\"Pinterest\",\"Linkedin\",\"StumbleUpon\",\"Digg\",\"Reddit\",\"Bebo\",\"Delicious\");var hupso_background_t=\"#EAF4FF\";var hupso_border_t=\"#66CCFF\";var hupso_toolbar_size_t=\"medium\";var hupso_image_folder_url = \"\";var hupso_url_t=\"\";var hupso_title_t=\"Union%20R%C3%A9gional%20de%20la%20Province%20de%20Flandre%20Occidentale%20B-01\";<\/script><script type=\"text\/javascript\" src=\"https:\/\/static.hupso.com\/share\/js\/share_toolbar.js\"><\/script><!-- Hupso Share Buttons --><\/div>","protected":false},"author":2,"featured_media":0,"parent":0,"menu_order":0,"comment_status":"closed","ping_status":"closed","template":"","meta":{"footnotes":""},"_links":{"self":[{"href":"https:\/\/www.federation-belge-de-genealogie.geneafrancobelge.eu\/index.php\/wp-json\/wp\/v2\/pages\/477"}],"collection":[{"href":"https:\/\/www.federation-belge-de-genealogie.geneafrancobelge.eu\/index.php\/wp-json\/wp\/v2\/pages"}],"about":[{"href":"https:\/\/www.federation-belge-de-genealogie.geneafrancobelge.eu\/index.php\/wp-json\/wp\/v2\/types\/page"}],"author":[{"embeddable":true,"href":"https:\/\/www.federation-belge-de-genealogie.geneafrancobelge.eu\/index.php\/wp-json\/wp\/v2\/users\/2"}],"replies":[{"embeddable":true,"href":"https:\/\/www.federation-belge-de-genealogie.geneafrancobelge.eu\/index.php\/wp-json\/wp\/v2\/comments?post=477"}],"version-history":[{"count":2,"href":"https:\/\/www.federation-belge-de-genealogie.geneafrancobelge.eu\/index.php\/wp-json\/wp\/v2\/pages\/477\/revisions"}],"predecessor-version":[{"id":575,"href":"https:\/\/www.federation-belge-de-genealogie.geneafrancobelge.eu\/index.php\/wp-json\/wp\/v2\/pages\/477\/revisions\/575"}],"wp:attachment":[{"href":"https:\/\/www.federation-belge-de-genealogie.geneafrancobelge.eu\/index.php\/wp-json\/wp\/v2\/media?parent=477"}],"curies":[{"name":"wp","href":"https:\/\/api.w.org\/{rel}","templated":true}]}}