{"id":455,"date":"2020-03-30T13:41:18","date_gmt":"2020-03-30T13:41:18","guid":{"rendered":"http:\/\/www.federation-belge-de-genealogie.geneafrancobelge.eu\/?page_id=455"},"modified":"2020-04-25T06:46:02","modified_gmt":"2020-04-25T06:46:02","slug":"union-regional-genealogique-de-la-province-du-luxembourg","status":"publish","type":"page","link":"https:\/\/www.federation-belge-de-genealogie.geneafrancobelge.eu\/index.php\/union-regional-genealogique-de-la-province-du-luxembourg\/","title":{"rendered":"Union R\u00e9gional G\u00e9n\u00e9alogique de la Province du Luxembourg B-10"},"content":{"rendered":"\n<figure class=\"wp-block-image size-large\"><img loading=\"lazy\" decoding=\"async\" width=\"747\" height=\"1024\" src=\"http:\/\/www.federation-belge-de-genealogie.geneafrancobelge.eu\/wp-content\/uploads\/2020\/03\/b-luxembourg-747x1024.png\" alt=\"\" class=\"wp-image-370\" srcset=\"https:\/\/www.federation-belge-de-genealogie.geneafrancobelge.eu\/wp-content\/uploads\/2020\/03\/b-luxembourg-747x1024.png 747w, https:\/\/www.federation-belge-de-genealogie.geneafrancobelge.eu\/wp-content\/uploads\/2020\/03\/b-luxembourg-219x300.png 219w, https:\/\/www.federation-belge-de-genealogie.geneafrancobelge.eu\/wp-content\/uploads\/2020\/03\/b-luxembourg-768x1052.png 768w, https:\/\/www.federation-belge-de-genealogie.geneafrancobelge.eu\/wp-content\/uploads\/2020\/03\/b-luxembourg-788x1080.png 788w, https:\/\/www.federation-belge-de-genealogie.geneafrancobelge.eu\/wp-content\/uploads\/2020\/03\/b-luxembourg.png 800w\" sizes=\"(max-width: 747px) 100vw, 747px\" \/><\/figure>\n\n\n\n<ul><li> Neufch\u00e2teau: <a rel=\"noreferrer noopener\" href=\"https:\/\/l.facebook.com\/l.php?u=http%3A%2F%2Fau-fil-de-lardenne.overblog.com%2Fr%25C3%25A9giste-des-bapt%25C3%25AAmes-de-1692-a-1743-de-tronquoy-respelt%3Futm_source%3D_ob_share%26utm_medium%3D_ob_facebook%26utm_campaign%3D_ob_sharebar%26fbclid%3DIwAR2nZnkPSOPeDXF-Ju49hUe42CLAUkzBzzlCQfXjzSgjjBUM8p5_Jkw7alU&amp;h=AT26HkuapvVjD85RbClElrFubeS3lRQoisMXDhgcghmmih4tGRevyiWEo0KGtvPy9YFxdzJM4NOn6a661OyFk2VpvnoUbSKuAUGZjlZB5gXc_9UFtZwiwadAaFWotfjJxrZ4bE_UewO7wo8nyNc\" target=\"_blank\">http:\/\/au-fil-de-lardenne.overblog.com\/r%C3%A9giste-des&#8230;<\/a><\/li><li>Bellevaux, Corbion, Bouillon, Fays les Veneurs <a rel=\"noreferrer noopener\" href=\"https:\/\/l.facebook.com\/l.php?u=http%3A%2F%2Fusers.skynet.be%2Fmto%2Fsommaire1tp.htm%3Ffbclid%3DIwAR0cshYxM-EQYbtI70IfLvobbD9QFXNPK2kq5qT6mSa3ZXYKAWcdpyDwAY0&amp;h=AT3GFCJA6UdzBozHq_2nDwRmMlFCupGDXLUyCbnd5cjQCFQ5tyZU-mm_G9-Dc7VPtqeVX21mAvStcoNoQZYFcR6x_sBJHqKXogCk6SSE3Oc5pLyw9F26VYkblRvePhc_SzbcIARHefcMQVCLD1g\" target=\"_blank\">http:\/\/users.skynet.be\/mto\/sommaire1tp.htm<\/a><\/li><li>wallonia: <a rel=\"noreferrer noopener\" href=\"https:\/\/l.facebook.com\/l.php?u=http%3A%2F%2Fwww.wallonia-asbl.be%2F%3Ffbclid%3DIwAR33w6Yj1lbwrBvQ-f55butcr88rvnUonxBBRgtbprC4pXoz-pTbd_l0X3A&amp;h=AT16odaavKHQjGa-yN5jQ2JDHjjM7FuRwltxvNtt0cHC7_UhuEr4iukcq5o4hkSXqcJ-XMOymbU60Kq6H_Ctqfkg9OTKin-xbjIQUuAEuovgDvGrifZKrBj1iD6BFkTS2hapQmcSAi3cdcoqH10\" target=\"_blank\">http:\/\/www.wallonia-asbl.be\/<\/a> <\/li><li>Marche Rendeux: grosse base de donn\u00e9es famille DEMOULIN MORMONT: <a rel=\"noreferrer noopener\" href=\"https:\/\/l.facebook.com\/l.php?u=http%3A%2F%2Fwww.deulin.be%2Fgen%2Fgen.htm%3Ffbclid%3DIwAR0_vLddeAO6lnIIPZgabpDYtMhpJfcrwQq4LH4JgOiKUhf6WcctqhyiAqQ&amp;h=AT2m7df8yE96UvpLOz7bqGvn5ssWV0Uq7e-Q26su-nMCtETvfFb1F8Nl8YfHwP8FKWpdUDGSV6mz_iwuRxurS1Fu7rk9pyazMrCUuuy3GhggTJZ1UfaRcLM0eV04lxs0wcgcN0oXizLC4sQ6LbU\" target=\"_blank\">http:\/\/www.deulin.be\/gen\/gen.htm<\/a><\/li><li>G\u00e9n\u00e9aLibramont<\/li><li>G\u00e9niwal\u00a0: Antenne de Arlon<\/li><\/ul>\n\n\n\n<ul><li><\/li><\/ul>\n<div style=\"padding-bottom:20px; padding-top:10px;\" class=\"hupso-share-buttons\"><!-- Hupso Share Buttons - https:\/\/www.hupso.com\/share\/ --><a class=\"hupso_toolbar\" href=\"https:\/\/www.hupso.com\/share\/\"><img decoding=\"async\" src=\"https:\/\/static.hupso.com\/share\/buttons\/lang\/fr\/share-medium.png\" style=\"border:0px; padding-top: 5px; float:left;\" alt=\"Share Button\"\/><\/a><script type=\"text\/javascript\">var hupso_services_t=new Array(\"Twitter\",\"Facebook\",\"Pinterest\",\"Linkedin\",\"StumbleUpon\",\"Digg\",\"Reddit\",\"Bebo\",\"Delicious\");var hupso_background_t=\"#EAF4FF\";var hupso_border_t=\"#66CCFF\";var hupso_toolbar_size_t=\"medium\";var hupso_image_folder_url = \"\";var hupso_url_t=\"\";var hupso_title_t=\"Union%20R%C3%A9gional%20G%C3%A9n%C3%A9alogique%20de%20la%20Province%20du%20Luxembourg%20B-10\";<\/script><script type=\"text\/javascript\" src=\"https:\/\/static.hupso.com\/share\/js\/share_toolbar.js\"><\/script><!-- Hupso Share Buttons --><\/div>","protected":false},"excerpt":{"rendered":"<p>Neufch\u00e2teau: http:\/\/au-fil-de-lardenne.overblog.com\/r%C3%A9giste-des&#8230; Bellevaux, Corbion, Bouillon, Fays les Veneurs http:\/\/users.skynet.be\/mto\/sommaire1tp.htm wallonia: http:\/\/www.wallonia-asbl.be\/ Marche Rendeux: grosse base de donn\u00e9es famille DEMOULIN MORMONT: http:\/\/www.deulin.be\/gen\/gen.htm G\u00e9n\u00e9aLibramont G\u00e9niwal\u00a0: Antenne de Arlon<\/p>\n<div style=\"padding-bottom:20px; padding-top:10px;\" class=\"hupso-share-buttons\"><!-- Hupso Share Buttons - https:\/\/www.hupso.com\/share\/ --><a class=\"hupso_toolbar\" href=\"https:\/\/www.hupso.com\/share\/\"><img src=\"https:\/\/static.hupso.com\/share\/buttons\/lang\/fr\/share-medium.png\" style=\"border:0px; padding-top: 5px; float:left;\" alt=\"Share Button\"\/><\/a><script type=\"text\/javascript\">var hupso_services_t=new Array(\"Twitter\",\"Facebook\",\"Pinterest\",\"Linkedin\",\"StumbleUpon\",\"Digg\",\"Reddit\",\"Bebo\",\"Delicious\");var hupso_background_t=\"#EAF4FF\";var hupso_border_t=\"#66CCFF\";var hupso_toolbar_size_t=\"medium\";var hupso_image_folder_url = \"\";var hupso_url_t=\"\";var hupso_title_t=\"Union%20R%C3%A9gional%20G%C3%A9n%C3%A9alogique%20de%20la%20Province%20du%20Luxembourg%20B-10\";<\/script><script type=\"text\/javascript\" src=\"https:\/\/static.hupso.com\/share\/js\/share_toolbar.js\"><\/script><!-- Hupso Share Buttons --><\/div>","protected":false},"author":1,"featured_media":0,"parent":0,"menu_order":0,"comment_status":"closed","ping_status":"closed","template":"","meta":{"footnotes":""},"_links":{"self":[{"href":"https:\/\/www.federation-belge-de-genealogie.geneafrancobelge.eu\/index.php\/wp-json\/wp\/v2\/pages\/455"}],"collection":[{"href":"https:\/\/www.federation-belge-de-genealogie.geneafrancobelge.eu\/index.php\/wp-json\/wp\/v2\/pages"}],"about":[{"href":"https:\/\/www.federation-belge-de-genealogie.geneafrancobelge.eu\/index.php\/wp-json\/wp\/v2\/types\/page"}],"author":[{"embeddable":true,"href":"https:\/\/www.federation-belge-de-genealogie.geneafrancobelge.eu\/index.php\/wp-json\/wp\/v2\/users\/1"}],"replies":[{"embeddable":true,"href":"https:\/\/www.federation-belge-de-genealogie.geneafrancobelge.eu\/index.php\/wp-json\/wp\/v2\/comments?post=455"}],"version-history":[{"count":4,"href":"https:\/\/www.federation-belge-de-genealogie.geneafrancobelge.eu\/index.php\/wp-json\/wp\/v2\/pages\/455\/revisions"}],"predecessor-version":[{"id":694,"href":"https:\/\/www.federation-belge-de-genealogie.geneafrancobelge.eu\/index.php\/wp-json\/wp\/v2\/pages\/455\/revisions\/694"}],"wp:attachment":[{"href":"https:\/\/www.federation-belge-de-genealogie.geneafrancobelge.eu\/index.php\/wp-json\/wp\/v2\/media?parent=455"}],"curies":[{"name":"wp","href":"https:\/\/api.w.org\/{rel}","templated":true}]}}