{"id":444,"date":"2020-03-30T10:49:25","date_gmt":"2020-03-30T10:49:25","guid":{"rendered":"http:\/\/www.federation-belge-de-genealogie.geneafrancobelge.eu\/?page_id=444"},"modified":"2020-04-25T07:29:38","modified_gmt":"2020-04-25T07:29:38","slug":"union-regional-genealogique-de-la-province-de-namur","status":"publish","type":"page","link":"https:\/\/www.federation-belge-de-genealogie.geneafrancobelge.eu\/index.php\/union-regional-genealogique-de-la-province-de-namur\/","title":{"rendered":"Union Regional Genealogique de la Province de Namur B -08"},"content":{"rendered":"\n<ul><li>Flavion: <a rel=\"noreferrer noopener\" href=\"https:\/\/l.facebook.com\/l.php?u=http%3A%2F%2Fwww.flavion.net%2Fwordpress%2Fcategory%2Fgenea%2F%3Ffbclid%3DIwAR082NX7JPucyMj66t4o3hlmkd-pMHDB_itnMjCQ_Q2l_KW5fzoQrAACqyE&amp;h=AT20olVOrN4O_i_5stJ-cb5sO8Zmv0a7LxHmoVgSCPAoUwXKlnNJT8gBLc1Y9b3ZSeyVO16iIpv8Z-U5mYd50j2B0FVFpvlkKmL6bDYh0ZIxkGyAjgg1OgZyMH5NiFrFwQqMn4_W7CqwqxWfMiY\" target=\"_blank\">http:\/\/www.flavion.net\/wordpress\/category\/genea\/<\/a><\/li><li>Froidfontaine: <a rel=\"noreferrer noopener\" href=\"http:\/\/delacharlerie.monrezo.be\/actes\/index.php?xtyp=A&amp;init=F&amp;fbclid=IwAR1JhBpmVqO24svwlZKml0A_4aJesQS-GysuSqr9869z4vWwAwsSsztTl3Y\" target=\"_blank\">http:\/\/delacharlerie.monrezo.be\/actes\/index.php?xtyp=A&#8230;<\/a><\/li><li>Divers Namur: <a rel=\"noreferrer noopener\" href=\"https:\/\/l.facebook.com\/l.php?u=http%3A%2F%2Fwww.gephil.eu%2Factes%2F%3Ffbclid%3DIwAR3VA4MTUndNH7-xyCFpCeDhblICTw3gne2PZDDQM8JJJt5h7Pun87_sXUA&amp;h=AT1CMGWsuNDDmzQ7-wIRENyeUowUHbXRe04P9oFNpjG0RoQYuG3hh7axaXl7P74UfdpAqXp7LiNq2XfAAC4L3vaGHtM_VRzI0W7Cp3JJzw-X40aUOOZMOGYjrZeqASieknZcTAZWlnow2nMhyow\" target=\"_blank\">http:\/\/www.gephil.eu\/actes\/<\/a><\/li><li>G\u00e9n\u00e9dinant: https:\/\/www.genedinant.be\/actes\/<\/li><li>Groupe Gemboux G\u00e9n\u00e9aloge<\/li><li>G\u00e9niwal\u00a0: Antenne de Namur<\/li><\/ul>\n\n\n\n<ul><li><\/li><\/ul>\n\n\n\n<p><\/p>\n\n\n\n<figure class=\"wp-block-image size-large\"><img loading=\"lazy\" decoding=\"async\" width=\"800\" height=\"967\" src=\"http:\/\/www.federation-belge-de-genealogie.geneafrancobelge.eu\/wp-content\/uploads\/2020\/03\/b-namur.png\" alt=\"\" class=\"wp-image-371\" srcset=\"https:\/\/www.federation-belge-de-genealogie.geneafrancobelge.eu\/wp-content\/uploads\/2020\/03\/b-namur.png 800w, https:\/\/www.federation-belge-de-genealogie.geneafrancobelge.eu\/wp-content\/uploads\/2020\/03\/b-namur-248x300.png 248w, https:\/\/www.federation-belge-de-genealogie.geneafrancobelge.eu\/wp-content\/uploads\/2020\/03\/b-namur-768x928.png 768w\" sizes=\"(max-width: 800px) 100vw, 800px\" \/><\/figure>\n<div style=\"padding-bottom:20px; padding-top:10px;\" class=\"hupso-share-buttons\"><!-- Hupso Share Buttons - https:\/\/www.hupso.com\/share\/ --><a class=\"hupso_toolbar\" href=\"https:\/\/www.hupso.com\/share\/\"><img decoding=\"async\" src=\"https:\/\/static.hupso.com\/share\/buttons\/lang\/fr\/share-medium.png\" style=\"border:0px; padding-top: 5px; float:left;\" alt=\"Share Button\"\/><\/a><script type=\"text\/javascript\">var hupso_services_t=new Array(\"Twitter\",\"Facebook\",\"Pinterest\",\"Linkedin\",\"StumbleUpon\",\"Digg\",\"Reddit\",\"Bebo\",\"Delicious\");var hupso_background_t=\"#EAF4FF\";var hupso_border_t=\"#66CCFF\";var hupso_toolbar_size_t=\"medium\";var hupso_image_folder_url = \"\";var hupso_url_t=\"\";var hupso_title_t=\"Union%20Regional%20Genealogique%20de%20la%20Province%20de%20Namur%20B%20-08\";<\/script><script type=\"text\/javascript\" src=\"https:\/\/static.hupso.com\/share\/js\/share_toolbar.js\"><\/script><!-- Hupso Share Buttons --><\/div>","protected":false},"excerpt":{"rendered":"<p>Flavion: http:\/\/www.flavion.net\/wordpress\/category\/genea\/ Froidfontaine: http:\/\/delacharlerie.monrezo.be\/actes\/index.php?xtyp=A&#8230; Divers Namur: http:\/\/www.gephil.eu\/actes\/ G\u00e9n\u00e9dinant: https:\/\/www.genedinant.be\/actes\/ Groupe Gemboux G\u00e9n\u00e9aloge G\u00e9niwal\u00a0: Antenne de Namur<\/p>\n<div style=\"padding-bottom:20px; padding-top:10px;\" class=\"hupso-share-buttons\"><!-- Hupso Share Buttons - https:\/\/www.hupso.com\/share\/ --><a class=\"hupso_toolbar\" href=\"https:\/\/www.hupso.com\/share\/\"><img src=\"https:\/\/static.hupso.com\/share\/buttons\/lang\/fr\/share-medium.png\" style=\"border:0px; padding-top: 5px; float:left;\" alt=\"Share Button\"\/><\/a><script type=\"text\/javascript\">var hupso_services_t=new Array(\"Twitter\",\"Facebook\",\"Pinterest\",\"Linkedin\",\"StumbleUpon\",\"Digg\",\"Reddit\",\"Bebo\",\"Delicious\");var hupso_background_t=\"#EAF4FF\";var hupso_border_t=\"#66CCFF\";var hupso_toolbar_size_t=\"medium\";var hupso_image_folder_url = \"\";var hupso_url_t=\"\";var hupso_title_t=\"Union%20Regional%20Genealogique%20de%20la%20Province%20de%20Namur%20B%20-08\";<\/script><script type=\"text\/javascript\" src=\"https:\/\/static.hupso.com\/share\/js\/share_toolbar.js\"><\/script><!-- Hupso Share Buttons --><\/div>","protected":false},"author":1,"featured_media":0,"parent":0,"menu_order":0,"comment_status":"closed","ping_status":"closed","template":"","meta":{"footnotes":""},"_links":{"self":[{"href":"https:\/\/www.federation-belge-de-genealogie.geneafrancobelge.eu\/index.php\/wp-json\/wp\/v2\/pages\/444"}],"collection":[{"href":"https:\/\/www.federation-belge-de-genealogie.geneafrancobelge.eu\/index.php\/wp-json\/wp\/v2\/pages"}],"about":[{"href":"https:\/\/www.federation-belge-de-genealogie.geneafrancobelge.eu\/index.php\/wp-json\/wp\/v2\/types\/page"}],"author":[{"embeddable":true,"href":"https:\/\/www.federation-belge-de-genealogie.geneafrancobelge.eu\/index.php\/wp-json\/wp\/v2\/users\/1"}],"replies":[{"embeddable":true,"href":"https:\/\/www.federation-belge-de-genealogie.geneafrancobelge.eu\/index.php\/wp-json\/wp\/v2\/comments?post=444"}],"version-history":[{"count":6,"href":"https:\/\/www.federation-belge-de-genealogie.geneafrancobelge.eu\/index.php\/wp-json\/wp\/v2\/pages\/444\/revisions"}],"predecessor-version":[{"id":695,"href":"https:\/\/www.federation-belge-de-genealogie.geneafrancobelge.eu\/index.php\/wp-json\/wp\/v2\/pages\/444\/revisions\/695"}],"wp:attachment":[{"href":"https:\/\/www.federation-belge-de-genealogie.geneafrancobelge.eu\/index.php\/wp-json\/wp\/v2\/media?parent=444"}],"curies":[{"name":"wp","href":"https:\/\/api.w.org\/{rel}","templated":true}]}}